{"id":834,"date":"2022-02-24T14:11:37","date_gmt":"2022-02-24T14:11:37","guid":{"rendered":"https:\/\/digirur.eu\/recursos-online\/"},"modified":"2024-01-30T13:01:40","modified_gmt":"2024-01-30T13:01:40","slug":"recursos-online","status":"publish","type":"page","link":"https:\/\/digirur.eu\/es\/recursos-online\/","title":{"rendered":"Recursos online"},"content":{"rendered":"<h1><span style=\"font-weight: 400;\">Recursos online<\/span><\/h1>\n<div>\n<p>        <img decoding=\"async\" src=\"\/wp-content\/uploads\/2022\/05\/Artboard-15.png\" alt=\"\"><\/p>\n<div>\n<div class=\"el-content uk-panel uk-margin-top\">\n<p><span style=\"font-weight: 400;\">Se crear\u00e1 una plataforma educativa web, abierta y gratuita, para la mejora del conocimiento empresarial de los j\u00f3venes, con recursos educativos abiertos y un conjunto completo de servicios, herramientas y tutor\u00edas.<\/span><\/p>\n<\/div>\n<\/div>\n<p><a href=\"https:\/\/elearning.digirur.eu\/\">Visita la plataforma<\/a><\/p>\n<\/div>\n<p><!--more--><br \/>\n<!-- {\"type\":\"layout\",\"children\":[{\"type\":\"section\",\"props\":{\"style\":\"default\",\"width\":\"default\",\"vertical_align\":\"middle\",\"title_position\":\"top-left\",\"title_rotation\":\"left\",\"title_breakpoint\":\"xl\",\"image_position\":\"center-center\",\"padding_remove_top\":true},\"children\":[{\"type\":\"row\",\"children\":[{\"type\":\"column\",\"props\":{\"position_sticky_breakpoint\":\"m\",\"image_position\":\"center-center\",\"media_overlay_gradient\":\"\"},\"children\":[{\"type\":\"headline\",\"props\":{\"title_element\":\"h1\",\"content\":\"<span style=\\\"font-weight: 400;\\\">Recursos online<\\\/span>\",\"title_color\":\"success\"}},{\"type\":\"panel\",\"props\":{\"link_text\":\"Visita la plataforma\",\"title_hover_style\":\"reset\",\"title_element\":\"h3\",\"title_align\":\"top\",\"title_grid_width\":\"1-2\",\"title_grid_breakpoint\":\"m\",\"meta_style\":\"meta\",\"meta_align\":\"below-title\",\"meta_element\":\"div\",\"content_column_breakpoint\":\"m\",\"icon_width\":80,\"image_align\":\"left\",\"image_grid_width\":\"1-3\",\"image_grid_breakpoint\":\"m\",\"image_svg_color\":\"emphasis\",\"link_style\":\"primary\",\"margin\":\"default\",\"title\":\"\",\"content\":\"\n\n<div class=\\\"el-content uk-panel uk-margin-top\\\">\\n\n\n<p><span style=\\\"font-weight: 400;\\\">Se crear\\u00e1 una plataforma educativa web, abierta y gratuita, para la mejora del conocimiento empresarial de los j\\u00f3venes, con recursos educativos abiertos y un conjunto completo de servicios, herramientas y tutor\\u00edas.<\\\/span><\\\/p>\\n<\\\/div>\",\"image\":\"wp-content\\\/uploads\\\/2022\\\/05\\\/Artboard-15.png\",\"title_color\":\"success\",\"link\":\"https:\\\/\\\/elearning.digirur.eu\\\/\",\"link_target\":true},\"name\":\"left-image-panel\"}]}]}]}],\"version\":\"2.7.22\"} --><\/p>\n","protected":false},"excerpt":{"rendered":"<p>Recursos online Se crear\u00e1 una plataforma educativa web, abierta y gratuita, para la mejora del conocimiento empresarial de los j\u00f3venes, con recursos educativos abiertos y..<\/p>\n","protected":false},"author":1,"featured_media":0,"parent":0,"menu_order":0,"comment_status":"closed","ping_status":"closed","template":"","meta":{"_acf_changed":false,"inline_featured_image":false,"footnotes":""},"class_list":["post-834","page","type-page","status-publish","hentry"],"acf":[],"_links":{"self":[{"href":"https:\/\/digirur.eu\/es\/wp-json\/wp\/v2\/pages\/834","targetHints":{"allow":["GET"]}}],"collection":[{"href":"https:\/\/digirur.eu\/es\/wp-json\/wp\/v2\/pages"}],"about":[{"href":"https:\/\/digirur.eu\/es\/wp-json\/wp\/v2\/types\/page"}],"author":[{"embeddable":true,"href":"https:\/\/digirur.eu\/es\/wp-json\/wp\/v2\/users\/1"}],"replies":[{"embeddable":true,"href":"https:\/\/digirur.eu\/es\/wp-json\/wp\/v2\/comments?post=834"}],"version-history":[{"count":4,"href":"https:\/\/digirur.eu\/es\/wp-json\/wp\/v2\/pages\/834\/revisions"}],"predecessor-version":[{"id":1101,"href":"https:\/\/digirur.eu\/es\/wp-json\/wp\/v2\/pages\/834\/revisions\/1101"}],"wp:attachment":[{"href":"https:\/\/digirur.eu\/es\/wp-json\/wp\/v2\/media?parent=834"}],"curies":[{"name":"wp","href":"https:\/\/api.w.org\/{rel}","templated":true}]}}