{"id":859,"date":"2022-06-17T08:53:13","date_gmt":"2022-06-17T08:53:13","guid":{"rendered":"https:\/\/digirur.eu\/recursos\/"},"modified":"2024-02-02T12:02:15","modified_gmt":"2024-02-02T12:02:15","slug":"recursos","status":"publish","type":"page","link":"https:\/\/digirur.eu\/es\/recursos\/","title":{"rendered":"Recursos"},"content":{"rendered":"<div>\n<p>        <img decoding=\"async\" src=\"\/wp-content\/uploads\/2022\/05\/b-class-website-template-Copy-11.png\" alt=\"\"><\/p>\n<div>\n<div class=\"uk-margin-remove-first-child uk-first-column\">\n<div class=\"el-content uk-panel uk-margin-top\">\n<ol>\n<li aria-level=\"1\"><b>Ecosistema de emprendimiento rural:<\/b><span> crear un mecanismo que involucre activamente a las partes interesadas del ecosistema de emprendimiento rural y cree sinergias entre la gobernanza local, los proveedores de EFP y los j\u00f3venes empresarios \/ profesionales que apoyar\u00e1n el emprendimiento juvenil rural y la entrada a la actividad econ\u00f3mica.<\/span><\/li>\n<li aria-level=\"1\"><b>Emprendimiento rural en la era digital y del cambio clim\u00e1tico:<\/b><span> proporcionar conocimiento e informaci\u00f3n sobre los primeros pasos empresariales y la sostenibilidad empresarial, incluidos los objetivos y pol\u00edticas de la UE, principalmente el Pacto Verde, que es el nuevo modelo econ\u00f3mico para Europa hasta el 2050, la cohesi\u00f3n, la inclusi\u00f3n y la participaci\u00f3n en las pol\u00edticas de vida democr\u00e1tica.<\/span><\/li>\n<li aria-level=\"1\"><b>Herramientas digitales para emprendedores rurales:<\/b><span> proporcionan conocimiento e informaci\u00f3n sobre los primeros pasos empresariales y la sostenibilidad empresarial, incluidos los objetivos y pol\u00edticas de la UE, principalmente el Pacto Verde, que es el nuevo modelo econ\u00f3mico para Europa hasta el 2050, la cohesi\u00f3n, la inclusi\u00f3n y la participaci\u00f3n en las pol\u00edticas de vida democr\u00e1tica.<\/span><\/li>\n<li aria-level=\"1\"><b>Competencias blandas para empresarios rurales:<\/b><span> proporcionar voluntad sobre comunicaci\u00f3n, gesti\u00f3n del tiempo y toma de decisiones, as\u00ed como participaci\u00f3n en la toma de decisiones y ciudadan\u00eda activa.<\/span><\/li>\n<li aria-level=\"1\"><b>Plataforma web de emprendimiento rural:\u00a0 <\/b><span>Una plataforma de acceso abierto con materiales educativos, gu\u00eda digital con tutoriales, en video, de consejos y trucos para el emprendimiento juvenil, y buenas pr\u00e1cticas<\/span><\/li>\n<li aria-level=\"1\"><b>Manual digital para <\/b><b><i>start-ups<\/i><\/b><b> rurales y MotiVIDEO: <\/b><span>contiene informaci\u00f3n breve y espec\u00edfica sobre c\u00f3mo establecer y administrar un negocio en \u00e1reas rurales, lanzar una encuesta de marketing, lanzar un negocio, u obtener los recursos que se necesiten.<\/span><\/li>\n<\/ol>\n<\/div>\n<\/div>\n<\/div>\n<\/div>\n<h2>MotiVIDEOS<\/h2>\n<div>\n<p>Los MotiVIDEOs son v\u00eddeos cortos de pa\u00edses socios los cuales muestran buenas pr\u00e1cticas de diferentes emprendedores.<br \/>Los v\u00eddeos pueden servir de motivaci\u00f3n, como ejemplo que pod\u00e9is aplicar en vuestros pa\u00edses y como forma de encontrar sinergias.<\/p>\n<\/div>\n<p><iframe src=\"https:\/\/www.youtube.com\/watch?v=UcUrCP8D1wM\"><\/iframe><br \/>\n<iframe src=\"https:\/\/www.youtube.com\/watch?v=1ZlX5hG423c\"><\/iframe><br \/>\n<iframe src=\"https:\/\/www.youtube.com\/watch?v=kHXKw0lLl6M\"><\/iframe><br \/>\n<iframe src=\"https:\/\/www.youtube.com\/watch?v=3X95sD_HMLI\"><\/iframe><br \/>\n<iframe src=\"https:\/\/www.youtube.com\/watch?v=jX3E2gYscxc\"><\/iframe><br \/>\n<iframe src=\"https:\/\/www.youtube.com\/watch?v=ggPtfv8CzJw\"><\/iframe><br \/>\n<iframe src=\"https:\/\/www.youtube.com\/watch?v=94iP03Cc_v4\"><\/iframe><br \/>\n<iframe src=\"https:\/\/www.youtube.com\/watch?v=xIYMMrVi7p4\"><\/iframe><br \/>\n<iframe src=\"https:\/\/www.youtube.com\/watch?v=-mzbS4p0-KY\"><\/iframe><br \/>\n<iframe src=\"https:\/\/www.youtube.com\/watch?v=838RbgRrm6g\"><\/iframe><br \/>\n<iframe src=\"https:\/\/www.youtube.com\/watch?v=ORwLC8633s8\"><\/iframe><br \/>\n<iframe src=\"https:\/\/www.youtube.com\/watch?v=1mPVTxLCg6I\"><\/iframe><br \/>\n<iframe src=\"https:\/\/www.youtube.com\/watch?v=GW3ETzl9uaU\"><\/iframe><br \/>\n<iframe src=\"https:\/\/www.youtube.com\/watch?v=UgjuGSfLAEg\"><\/iframe><br \/>\n<iframe src=\"https:\/\/www.youtube.com\/watch?v=nB5ba3aQ66g\"><\/iframe><\/p>\n<p><!--more--><br \/>\n<!-- {\"name\":\"resoures-with-videos\",\"type\":\"layout\",\"children\":[{\"type\":\"section\",\"props\":{\"style\":\"default\",\"width\":\"default\",\"vertical_align\":\"middle\",\"title_position\":\"top-left\",\"title_rotation\":\"left\",\"title_breakpoint\":\"xl\",\"image_position\":\"center-center\"},\"children\":[{\"type\":\"row\",\"children\":[{\"type\":\"column\",\"props\":{\"position_sticky_breakpoint\":\"m\",\"image_position\":\"center-center\",\"media_overlay_gradient\":\"\"},\"children\":[{\"type\":\"headline\",\"props\":{\"title_element\":\"h1\"},\"source\":{\"query\":{\"name\":\"pages.singlePage\"},\"props\":{\"content\":{\"filters\":{\"search\":\"\"},\"name\":\"title\"}}}},{\"type\":\"panel\",\"props\":{\"link_text\":\"Read more\",\"title_hover_style\":\"reset\",\"title_element\":\"h3\",\"title_align\":\"top\",\"title_grid_width\":\"1-2\",\"title_grid_breakpoint\":\"m\",\"meta_style\":\"meta\",\"meta_align\":\"below-title\",\"meta_element\":\"div\",\"content_column_breakpoint\":\"m\",\"icon_width\":80,\"image_align\":\"right\",\"image_grid_width\":\"2-5\",\"image_grid_breakpoint\":\"m\",\"image_svg_color\":\"emphasis\",\"link_style\":\"default\",\"margin\":\"default\",\"title\":\"\",\"content\":\"\n\n<div class=\\\"uk-margin-remove-first-child uk-first-column\\\">\\n\n\n<div class=\\\"el-content uk-panel uk-margin-top\\\">\\n\n\n<ol>\\n\n\n<li aria-level=\\\"1\\\"><b>Ecosistema de emprendimiento rural:<\\\/b><span> crear un mecanismo que involucre activamente a las partes interesadas del ecosistema de emprendimiento rural y cree sinergias entre la gobernanza local, los proveedores de EFP y los j\\u00f3venes empresarios \\\/ profesionales que apoyar\\u00e1n el emprendimiento juvenil rural y la entrada a la actividad econ\\u00f3mica.<\\\/span><\\\/li>\\n\n\n<li aria-level=\\\"1\\\"><b>Emprendimiento rural en la era digital y del cambio clim\\u00e1tico:<\\\/b><span> proporcionar conocimiento e informaci\\u00f3n sobre los primeros pasos empresariales y la sostenibilidad empresarial, incluidos los objetivos y pol\\u00edticas de la UE, principalmente el Pacto Verde, que es el nuevo modelo econ\\u00f3mico para Europa hasta el 2050, la cohesi\\u00f3n, la inclusi\\u00f3n y la participaci\\u00f3n en las pol\\u00edticas de vida democr\\u00e1tica.<\\\/span><\\\/li>\\n\n\n<li aria-level=\\\"1\\\"><b>Herramientas digitales para emprendedores rurales:<\\\/b><span> proporcionan conocimiento e informaci\\u00f3n sobre los primeros pasos empresariales y la sostenibilidad empresarial, incluidos los objetivos y pol\\u00edticas de la UE, principalmente el Pacto Verde, que es el nuevo modelo econ\\u00f3mico para Europa hasta el 2050, la cohesi\\u00f3n, la inclusi\\u00f3n y la participaci\\u00f3n en las pol\\u00edticas de vida democr\\u00e1tica.<\\\/span><\\\/li>\\n\n\n<li aria-level=\\\"1\\\"><b>Competencias blandas para empresarios rurales:<\\\/b><span> proporcionar voluntad sobre comunicaci\\u00f3n, gesti\\u00f3n del tiempo y toma de decisiones, as\\u00ed como participaci\\u00f3n en la toma de decisiones y ciudadan\\u00eda activa.<\\\/span><\\\/li>\\n\n\n<li aria-level=\\\"1\\\"><b>Plataforma web de emprendimiento rural:\\u00a0 <\\\/b><span>Una plataforma de acceso abierto con materiales educativos, gu\\u00eda digital con tutoriales, en video, de consejos y trucos para el emprendimiento juvenil, y buenas pr\\u00e1cticas<\\\/span><\\\/li>\\n\n\n<li aria-level=\\\"1\\\"><b>Manual digital para <\\\/b><b><i>start-ups<\\\/i><\\\/b><b> rurales y MotiVIDEO: <\\\/b><span>contiene informaci\\u00f3n breve y espec\\u00edfica sobre c\\u00f3mo establecer y administrar un negocio en \\u00e1reas rurales, lanzar una encuesta de marketing, lanzar un negocio, u obtener los recursos que se necesiten.<\\\/span><\\\/li>\\n<\\\/ol>\\n<\\\/div>\\n<\\\/div>\",\"image\":\"wp-content\\\/uploads\\\/2022\\\/05\\\/b-class-website-template-Copy-11.png\",\"image_vertical_align\":true}}]}]},{\"type\":\"row\",\"children\":[{\"type\":\"column\",\"props\":{\"position_sticky_breakpoint\":\"m\",\"image_position\":\"center-center\",\"media_overlay_gradient\":\"\"},\"children\":[{\"type\":\"headline\",\"props\":{\"title_element\":\"h2\",\"content\":\"MotiVIDEOS\",\"title_style\":\"h3\"}},{\"type\":\"text\",\"props\":{\"margin\":\"default\",\"column_breakpoint\":\"m\",\"content\":\"\n\n<p>Los MotiVIDEOs son v\\u00eddeos cortos de pa\\u00edses socios los cuales muestran buenas pr\\u00e1cticas de diferentes emprendedores.<br \\\/>Los v\\u00eddeos pueden servir de motivaci\\u00f3n, como ejemplo que pod\\u00e9is aplicar en vuestros pa\\u00edses y como forma de encontrar sinergias.<\\\/p>\"}}]}]},{\"type\":\"row\",\"props\":{\"layout\":\"1-3,1-3,1-3\"},\"children\":[{\"type\":\"column\",\"props\":{\"position_sticky_breakpoint\":\"m\",\"image_position\":\"center-center\",\"media_overlay_gradient\":\"\",\"width_medium\":\"1-3\"},\"children\":[{\"type\":\"video\",\"props\":{\"video_controls\":true,\"margin\":\"default\",\"video\":\"https:\\\/\\\/www.youtube.com\\\/watch?v=UcUrCP8D1wM\",\"video_width\":\"450\"}}]},{\"type\":\"column\",\"props\":{\"position_sticky_breakpoint\":\"m\",\"image_position\":\"center-center\",\"media_overlay_gradient\":\"\",\"width_medium\":\"1-3\"},\"children\":[{\"type\":\"video\",\"props\":{\"video_controls\":true,\"margin\":\"default\",\"video\":\"https:\\\/\\\/www.youtube.com\\\/watch?v=1ZlX5hG423c\",\"video_width\":\"450\"}}]},{\"type\":\"column\",\"props\":{\"position_sticky_breakpoint\":\"m\",\"image_position\":\"center-center\",\"media_overlay_gradient\":\"\",\"width_medium\":\"1-3\"},\"children\":[{\"type\":\"video\",\"props\":{\"video_controls\":true,\"margin\":\"default\",\"video\":\"https:\\\/\\\/www.youtube.com\\\/watch?v=kHXKw0lLl6M\",\"video_width\":\"450\"}}]}]},{\"type\":\"row\",\"props\":{\"layout\":\"1-3,1-3,1-3\"},\"children\":[{\"type\":\"column\",\"props\":{\"position_sticky_breakpoint\":\"m\",\"image_position\":\"center-center\",\"media_overlay_gradient\":\"\",\"width_medium\":\"1-3\"},\"children\":[{\"type\":\"video\",\"props\":{\"video_controls\":true,\"margin\":\"default\",\"video\":\"https:\\\/\\\/www.youtube.com\\\/watch?v=3X95sD_HMLI\",\"video_width\":\"450\"}}]},{\"type\":\"column\",\"props\":{\"position_sticky_breakpoint\":\"m\",\"image_position\":\"center-center\",\"media_overlay_gradient\":\"\",\"width_medium\":\"1-3\"},\"children\":[{\"type\":\"video\",\"props\":{\"video_controls\":true,\"margin\":\"default\",\"video\":\"https:\\\/\\\/www.youtube.com\\\/watch?v=jX3E2gYscxc\",\"video_width\":\"450\"}}]},{\"type\":\"column\",\"props\":{\"position_sticky_breakpoint\":\"m\",\"image_position\":\"center-center\",\"media_overlay_gradient\":\"\",\"width_medium\":\"1-3\"},\"children\":[{\"type\":\"video\",\"props\":{\"video_controls\":true,\"margin\":\"default\",\"video\":\"https:\\\/\\\/www.youtube.com\\\/watch?v=ggPtfv8CzJw\",\"video_width\":\"450\"}}]}]},{\"type\":\"row\",\"props\":{\"layout\":\"1-3,1-3,1-3\"},\"children\":[{\"type\":\"column\",\"props\":{\"position_sticky_breakpoint\":\"m\",\"image_position\":\"center-center\",\"media_overlay_gradient\":\"\",\"width_medium\":\"1-3\"},\"children\":[{\"type\":\"video\",\"props\":{\"video_controls\":true,\"margin\":\"default\",\"video\":\"https:\\\/\\\/www.youtube.com\\\/watch?v=94iP03Cc_v4\",\"video_width\":\"450\"}}]},{\"type\":\"column\",\"props\":{\"position_sticky_breakpoint\":\"m\",\"image_position\":\"center-center\",\"media_overlay_gradient\":\"\",\"width_medium\":\"1-3\"},\"children\":[{\"type\":\"video\",\"props\":{\"video_controls\":true,\"margin\":\"default\",\"video\":\"https:\\\/\\\/www.youtube.com\\\/watch?v=xIYMMrVi7p4\",\"video_width\":\"450\"}}]},{\"type\":\"column\",\"props\":{\"position_sticky_breakpoint\":\"m\",\"image_position\":\"center-center\",\"media_overlay_gradient\":\"\",\"width_medium\":\"1-3\"},\"children\":[{\"type\":\"video\",\"props\":{\"video_controls\":true,\"margin\":\"default\",\"video\":\"https:\\\/\\\/www.youtube.com\\\/watch?v=-mzbS4p0-KY\",\"video_width\":\"450\"}}]}]},{\"type\":\"row\",\"props\":{\"layout\":\"1-3,1-3,1-3\"},\"children\":[{\"type\":\"column\",\"props\":{\"position_sticky_breakpoint\":\"m\",\"image_position\":\"center-center\",\"media_overlay_gradient\":\"\",\"width_medium\":\"1-3\"},\"children\":[{\"type\":\"video\",\"props\":{\"video_controls\":true,\"margin\":\"default\",\"video\":\"https:\\\/\\\/www.youtube.com\\\/watch?v=838RbgRrm6g\",\"video_width\":\"450\"}}]},{\"type\":\"column\",\"props\":{\"position_sticky_breakpoint\":\"m\",\"image_position\":\"center-center\",\"media_overlay_gradient\":\"\",\"width_medium\":\"1-3\"},\"children\":[{\"type\":\"video\",\"props\":{\"video_controls\":true,\"margin\":\"default\",\"video\":\"https:\\\/\\\/www.youtube.com\\\/watch?v=ORwLC8633s8\",\"video_width\":\"450\"}}]},{\"type\":\"column\",\"props\":{\"position_sticky_breakpoint\":\"m\",\"image_position\":\"center-center\",\"media_overlay_gradient\":\"\",\"width_medium\":\"1-3\"},\"children\":[{\"type\":\"video\",\"props\":{\"video_controls\":true,\"margin\":\"default\",\"video\":\"https:\\\/\\\/www.youtube.com\\\/watch?v=1mPVTxLCg6I\",\"video_width\":\"450\"}}]}]},{\"type\":\"row\",\"props\":{\"layout\":\"1-3,1-3,1-3\"},\"children\":[{\"type\":\"column\",\"props\":{\"position_sticky_breakpoint\":\"m\",\"image_position\":\"center-center\",\"media_overlay_gradient\":\"\",\"width_medium\":\"1-3\"},\"children\":[{\"type\":\"video\",\"props\":{\"video_controls\":true,\"margin\":\"default\",\"video\":\"https:\\\/\\\/www.youtube.com\\\/watch?v=GW3ETzl9uaU\",\"video_width\":\"450\"}}]},{\"type\":\"column\",\"props\":{\"position_sticky_breakpoint\":\"m\",\"image_position\":\"center-center\",\"media_overlay_gradient\":\"\",\"width_medium\":\"1-3\"},\"children\":[{\"type\":\"video\",\"props\":{\"video_controls\":true,\"margin\":\"default\",\"video\":\"https:\\\/\\\/www.youtube.com\\\/watch?v=UgjuGSfLAEg\",\"video_width\":\"450\"}}]},{\"type\":\"column\",\"props\":{\"position_sticky_breakpoint\":\"m\",\"image_position\":\"center-center\",\"media_overlay_gradient\":\"\",\"width_medium\":\"1-3\"},\"children\":[{\"type\":\"video\",\"props\":{\"video_controls\":true,\"margin\":\"default\",\"video\":\"https:\\\/\\\/www.youtube.com\\\/watch?v=nB5ba3aQ66g\",\"video_width\":\"450\"}}]}]}]}],\"version\":\"2.7.22\"} --><\/p>\n","protected":false},"excerpt":{"rendered":"<p>Ecosistema de emprendimiento rural: crear un mecanismo que involucre activamente a las partes interesadas del ecosistema de emprendimiento rural y cree sinergias entre la gobernanza..<\/p>\n","protected":false},"author":1,"featured_media":0,"parent":0,"menu_order":0,"comment_status":"closed","ping_status":"closed","template":"","meta":{"_acf_changed":false,"inline_featured_image":false,"footnotes":""},"class_list":["post-859","page","type-page","status-publish","hentry"],"acf":[],"_links":{"self":[{"href":"https:\/\/digirur.eu\/es\/wp-json\/wp\/v2\/pages\/859","targetHints":{"allow":["GET"]}}],"collection":[{"href":"https:\/\/digirur.eu\/es\/wp-json\/wp\/v2\/pages"}],"about":[{"href":"https:\/\/digirur.eu\/es\/wp-json\/wp\/v2\/types\/page"}],"author":[{"embeddable":true,"href":"https:\/\/digirur.eu\/es\/wp-json\/wp\/v2\/users\/1"}],"replies":[{"embeddable":true,"href":"https:\/\/digirur.eu\/es\/wp-json\/wp\/v2\/comments?post=859"}],"version-history":[{"count":5,"href":"https:\/\/digirur.eu\/es\/wp-json\/wp\/v2\/pages\/859\/revisions"}],"predecessor-version":[{"id":1316,"href":"https:\/\/digirur.eu\/es\/wp-json\/wp\/v2\/pages\/859\/revisions\/1316"}],"wp:attachment":[{"href":"https:\/\/digirur.eu\/es\/wp-json\/wp\/v2\/media?parent=859"}],"curies":[{"name":"wp","href":"https:\/\/api.w.org\/{rel}","templated":true}]}}