{"id":619,"date":"2022-06-17T08:53:13","date_gmt":"2022-06-17T08:53:13","guid":{"rendered":"https:\/\/digirur.eu\/recursos\/"},"modified":"2024-02-02T10:59:39","modified_gmt":"2024-02-02T10:59:39","slug":"recursos","status":"publish","type":"page","link":"https:\/\/digirur.eu\/pt-pt\/recursos\/","title":{"rendered":"Recursos"},"content":{"rendered":"<div>\n<p>        <img decoding=\"async\" src=\"\/wp-content\/uploads\/2022\/05\/b-class-website-template-Copy-11.png\" alt=\"\"><\/p>\n<div>\n<div class=\"uk-margin-remove-first-child uk-first-column\">\n<div class=\"el-content uk-panel uk-margin-top\">\n<ol>\n<li><b>Ecossistema para o Empreendedorismo Rural \u2013 <\/b><span>criar um mecanismo para o envolvimento ativo dos stakeholders relevantes e para o estabelecimento de sinergias entre \u00f3rg\u00e3os de poder local, entidades de forma\u00e7\u00e3o e empreendedores jovens e profissionais que ir\u00e3o apoiar o desenvolvimento do empreendedorismo rural jovem e a integra\u00e7\u00e3o desses jovens na atividade econ\u00f3mica.<\/span><\/li>\n<li><b>Empreendedorismo Rural na Era da Mudan\u00e7a Digital e Clim\u00e1tica \u2013 <\/b><span>fornecer informa\u00e7\u00e3o sobre empreendedorismo e sustentabilidade empresarial, incluindo conhecimento sobre os objetivos e pol\u00edticas da UE e, em particular, sobre o Pacto Ecol\u00f3gico Europeu \u2013 que \u00e9 o modelo econ\u00f3mico para a Europa at\u00e9 2050 -, e sobre coes\u00e3o, inclus\u00e3o e participa\u00e7\u00e3o pol\u00edtica democr\u00e1tica.\u00a0<\/span><\/li>\n<li><b>Ferramentas Digitais para Empreendedores de Zonas Rurais \u2013 <\/b><span>fornecer informa\u00e7\u00e3o sobre empreendedorismo e sustentabilidade empresarial, incluindo conhecimento sobre os objetivos e pol\u00edticas da UE e, em particular, sobre o\u00a0 Pacto Ecol\u00f3gico Europeu \u2013 que \u00e9 o modelo econ\u00f3mico para a Europa at\u00e9 2050 -, e sobre coes\u00e3o, inclus\u00e3o e participa\u00e7\u00e3o pol\u00edtica democr\u00e1tica.\u00a0<\/span><\/li>\n<li><b>Soft Skills para Empreendedores das Zonas Rurais \u2013 <\/b><span>promover o desenvolvimento de compet\u00eancias de comunica\u00e7\u00e3o, gest\u00e3o de tempo, tomada de decis\u00e3o, assim como estimular uma cidadania ativa.\u00a0<\/span><\/li>\n<li><b>Plataforma online para o Empreendedorismo Rural \u2013 <\/b><span>uma plataforma de livre acesso, que ir\u00e1 reunir materiais educacionais, um guia digital com v\u00eddeo-tutoriais de dicas e conselhos para jovens empreendedores, e manuais de boas pr\u00e1ticas.\u00a0<\/span><\/li>\n<li><b>Handbook Digital para Neg\u00f3cios Rurais &amp; MotiVIDEO <\/b><span>\u2013 contendo informa\u00e7\u00e3o sintetizada e personalizada sobre como iniciar e gerir um neg\u00f3cio ou projeto nas zonas rurais, implementar um estudo de marketing, lan\u00e7ar um neg\u00f3cio e obter os recursos necess\u00e1rios.<\/span><\/li>\n<\/ol>\n<\/div>\n<\/div>\n<\/div>\n<\/div>\n<h2>MotiVIDEOS<\/h2>\n<div>\n<p>Os MotiVIDEOs s\u00e3o v\u00eddeos curtos produzidos nos pa\u00edses parceiros do projeto, nos quais s\u00e3o apresentadas as melhores pr\u00e1ticas implementadas pelos diferentes empreendedores.<br \/>Os v\u00eddeos podem ser usados como motiva\u00e7\u00e3o, como um exemplo do que pode aplicar no seu pa\u00eds e ainda como uma oportunidade para descobrir sinergias<\/p>\n<\/div>\n<p><iframe src=\"https:\/\/www.youtube.com\/watch?v=UcUrCP8D1wM\"><\/iframe><br \/>\n<iframe src=\"https:\/\/www.youtube.com\/watch?v=1ZlX5hG423c\"><\/iframe><br \/>\n<iframe src=\"https:\/\/www.youtube.com\/watch?v=kHXKw0lLl6M\"><\/iframe><br \/>\n<iframe src=\"https:\/\/www.youtube.com\/watch?v=3X95sD_HMLI\"><\/iframe><br \/>\n<iframe src=\"https:\/\/www.youtube.com\/watch?v=jX3E2gYscxc\"><\/iframe><br \/>\n<iframe src=\"https:\/\/www.youtube.com\/watch?v=ggPtfv8CzJw\"><\/iframe><br \/>\n<iframe src=\"https:\/\/www.youtube.com\/watch?v=94iP03Cc_v4\"><\/iframe><br \/>\n<iframe src=\"https:\/\/www.youtube.com\/watch?v=xIYMMrVi7p4\"><\/iframe><br \/>\n<iframe src=\"https:\/\/www.youtube.com\/watch?v=-mzbS4p0-KY\"><\/iframe><br \/>\n<iframe src=\"https:\/\/www.youtube.com\/watch?v=838RbgRrm6g\"><\/iframe><br \/>\n<iframe src=\"https:\/\/www.youtube.com\/watch?v=ORwLC8633s8\"><\/iframe><br \/>\n<iframe src=\"https:\/\/www.youtube.com\/watch?v=1mPVTxLCg6I\"><\/iframe><br \/>\n<iframe src=\"https:\/\/www.youtube.com\/watch?v=GW3ETzl9uaU\"><\/iframe><br \/>\n<iframe src=\"https:\/\/www.youtube.com\/watch?v=UgjuGSfLAEg\"><\/iframe><br \/>\n<iframe src=\"https:\/\/www.youtube.com\/watch?v=nB5ba3aQ66g\"><\/iframe><\/p>\n<p><!--more--><br \/>\n<!-- {\"name\":\"resoures-with-videos\",\"type\":\"layout\",\"children\":[{\"type\":\"section\",\"props\":{\"style\":\"default\",\"width\":\"default\",\"vertical_align\":\"middle\",\"title_position\":\"top-left\",\"title_rotation\":\"left\",\"title_breakpoint\":\"xl\",\"image_position\":\"center-center\"},\"children\":[{\"type\":\"row\",\"children\":[{\"type\":\"column\",\"props\":{\"position_sticky_breakpoint\":\"m\",\"image_position\":\"center-center\",\"media_overlay_gradient\":\"\"},\"children\":[{\"type\":\"headline\",\"props\":{\"title_element\":\"h1\"},\"source\":{\"query\":{\"name\":\"pages.singlePage\"},\"props\":{\"content\":{\"filters\":{\"search\":\"\"},\"name\":\"title\"}}}},{\"type\":\"panel\",\"props\":{\"link_text\":\"Read more\",\"title_hover_style\":\"reset\",\"title_element\":\"h3\",\"title_align\":\"top\",\"title_grid_width\":\"1-2\",\"title_grid_breakpoint\":\"m\",\"meta_style\":\"meta\",\"meta_align\":\"below-title\",\"meta_element\":\"div\",\"content_column_breakpoint\":\"m\",\"icon_width\":80,\"image_align\":\"right\",\"image_grid_width\":\"2-5\",\"image_grid_breakpoint\":\"m\",\"image_svg_color\":\"emphasis\",\"link_style\":\"default\",\"margin\":\"default\",\"title\":\"\",\"content\":\"\n\n<div class=\\\"uk-margin-remove-first-child uk-first-column\\\">\\n\n\n<div class=\\\"el-content uk-panel uk-margin-top\\\">\\n\n\n<ol>\\n\n\n<li><b>Ecossistema para o Empreendedorismo Rural \\u2013 <\\\/b><span>criar um mecanismo para o envolvimento ativo dos stakeholders relevantes e para o estabelecimento de sinergias entre \\u00f3rg\\u00e3os de poder local, entidades de forma\\u00e7\\u00e3o e empreendedores jovens e profissionais que ir\\u00e3o apoiar o desenvolvimento do empreendedorismo rural jovem e a integra\\u00e7\\u00e3o desses jovens na atividade econ\\u00f3mica.<\\\/span><\\\/li>\\n\n\n<li><b>Empreendedorismo Rural na Era da Mudan\\u00e7a Digital e Clim\\u00e1tica \\u2013 <\\\/b><span>fornecer informa\\u00e7\\u00e3o sobre empreendedorismo e sustentabilidade empresarial, incluindo conhecimento sobre os objetivos e pol\\u00edticas da UE e, em particular, sobre o Pacto Ecol\\u00f3gico Europeu \\u2013 que \\u00e9 o modelo econ\\u00f3mico para a Europa at\\u00e9 2050 -, e sobre coes\\u00e3o, inclus\\u00e3o e participa\\u00e7\\u00e3o pol\\u00edtica democr\\u00e1tica.\\u00a0<\\\/span><\\\/li>\\n\n\n<li><b>Ferramentas Digitais para Empreendedores de Zonas Rurais \\u2013 <\\\/b><span>fornecer informa\\u00e7\\u00e3o sobre empreendedorismo e sustentabilidade empresarial, incluindo conhecimento sobre os objetivos e pol\\u00edticas da UE e, em particular, sobre o\\u00a0 Pacto Ecol\\u00f3gico Europeu \\u2013 que \\u00e9 o modelo econ\\u00f3mico para a Europa at\\u00e9 2050 -, e sobre coes\\u00e3o, inclus\\u00e3o e participa\\u00e7\\u00e3o pol\\u00edtica democr\\u00e1tica.\\u00a0<\\\/span><\\\/li>\\n\n\n<li><b>Soft Skills para Empreendedores das Zonas Rurais \\u2013 <\\\/b><span>promover o desenvolvimento de compet\\u00eancias de comunica\\u00e7\\u00e3o, gest\\u00e3o de tempo, tomada de decis\\u00e3o, assim como estimular uma cidadania ativa.\\u00a0<\\\/span><\\\/li>\\n\n\n<li><b>Plataforma online para o Empreendedorismo Rural \\u2013 <\\\/b><span>uma plataforma de livre acesso, que ir\\u00e1 reunir materiais educacionais, um guia digital com v\\u00eddeo-tutoriais de dicas e conselhos para jovens empreendedores, e manuais de boas pr\\u00e1ticas.\\u00a0<\\\/span><\\\/li>\\n\n\n<li><b>Handbook Digital para Neg\\u00f3cios Rurais &amp; MotiVIDEO <\\\/b><span>\\u2013 contendo informa\\u00e7\\u00e3o sintetizada e personalizada sobre como iniciar e gerir um neg\\u00f3cio ou projeto nas zonas rurais, implementar um estudo de marketing, lan\\u00e7ar um neg\\u00f3cio e obter os recursos necess\\u00e1rios.<\\\/span><\\\/li>\\n<\\\/ol>\\n<\\\/div>\\n<\\\/div>\",\"image\":\"wp-content\\\/uploads\\\/2022\\\/05\\\/b-class-website-template-Copy-11.png\",\"image_vertical_align\":true}}]}]},{\"type\":\"row\",\"children\":[{\"type\":\"column\",\"props\":{\"position_sticky_breakpoint\":\"m\",\"image_position\":\"center-center\",\"media_overlay_gradient\":\"\"},\"children\":[{\"type\":\"headline\",\"props\":{\"title_element\":\"h2\",\"content\":\"MotiVIDEOS\",\"title_style\":\"h3\"}},{\"type\":\"text\",\"props\":{\"margin\":\"default\",\"column_breakpoint\":\"m\",\"content\":\"\n\n<p>Os MotiVIDEOs s\\u00e3o v\\u00eddeos curtos produzidos nos pa\\u00edses parceiros do projeto, nos quais s\\u00e3o apresentadas as melhores pr\\u00e1ticas implementadas pelos diferentes empreendedores.<br \\\/>Os v\\u00eddeos podem ser usados como motiva\\u00e7\\u00e3o, como um exemplo do que pode aplicar no seu pa\\u00eds e ainda como uma oportunidade para descobrir sinergias<\\\/p>\"}}]}]},{\"type\":\"row\",\"props\":{\"layout\":\"1-3,1-3,1-3\"},\"children\":[{\"type\":\"column\",\"props\":{\"position_sticky_breakpoint\":\"m\",\"image_position\":\"center-center\",\"media_overlay_gradient\":\"\",\"width_medium\":\"1-3\"},\"children\":[{\"type\":\"video\",\"props\":{\"video_controls\":true,\"margin\":\"default\",\"video\":\"https:\\\/\\\/www.youtube.com\\\/watch?v=UcUrCP8D1wM\",\"video_width\":\"450\"}}]},{\"type\":\"column\",\"props\":{\"position_sticky_breakpoint\":\"m\",\"image_position\":\"center-center\",\"media_overlay_gradient\":\"\",\"width_medium\":\"1-3\"},\"children\":[{\"type\":\"video\",\"props\":{\"video_controls\":true,\"margin\":\"default\",\"video\":\"https:\\\/\\\/www.youtube.com\\\/watch?v=1ZlX5hG423c\",\"video_width\":\"450\"}}]},{\"type\":\"column\",\"props\":{\"position_sticky_breakpoint\":\"m\",\"image_position\":\"center-center\",\"media_overlay_gradient\":\"\",\"width_medium\":\"1-3\"},\"children\":[{\"type\":\"video\",\"props\":{\"video_controls\":true,\"margin\":\"default\",\"video\":\"https:\\\/\\\/www.youtube.com\\\/watch?v=kHXKw0lLl6M\",\"video_width\":\"450\"}}]}]},{\"type\":\"row\",\"props\":{\"layout\":\"1-3,1-3,1-3\"},\"children\":[{\"type\":\"column\",\"props\":{\"position_sticky_breakpoint\":\"m\",\"image_position\":\"center-center\",\"media_overlay_gradient\":\"\",\"width_medium\":\"1-3\"},\"children\":[{\"type\":\"video\",\"props\":{\"video_controls\":true,\"margin\":\"default\",\"video\":\"https:\\\/\\\/www.youtube.com\\\/watch?v=3X95sD_HMLI\",\"video_width\":\"450\"}}]},{\"type\":\"column\",\"props\":{\"position_sticky_breakpoint\":\"m\",\"image_position\":\"center-center\",\"media_overlay_gradient\":\"\",\"width_medium\":\"1-3\"},\"children\":[{\"type\":\"video\",\"props\":{\"video_controls\":true,\"margin\":\"default\",\"video\":\"https:\\\/\\\/www.youtube.com\\\/watch?v=jX3E2gYscxc\",\"video_width\":\"450\"}}]},{\"type\":\"column\",\"props\":{\"position_sticky_breakpoint\":\"m\",\"image_position\":\"center-center\",\"media_overlay_gradient\":\"\",\"width_medium\":\"1-3\"},\"children\":[{\"type\":\"video\",\"props\":{\"video_controls\":true,\"margin\":\"default\",\"video\":\"https:\\\/\\\/www.youtube.com\\\/watch?v=ggPtfv8CzJw\",\"video_width\":\"450\"}}]}]},{\"type\":\"row\",\"props\":{\"layout\":\"1-3,1-3,1-3\"},\"children\":[{\"type\":\"column\",\"props\":{\"position_sticky_breakpoint\":\"m\",\"image_position\":\"center-center\",\"media_overlay_gradient\":\"\",\"width_medium\":\"1-3\"},\"children\":[{\"type\":\"video\",\"props\":{\"video_controls\":true,\"margin\":\"default\",\"video\":\"https:\\\/\\\/www.youtube.com\\\/watch?v=94iP03Cc_v4\",\"video_width\":\"450\"}}]},{\"type\":\"column\",\"props\":{\"position_sticky_breakpoint\":\"m\",\"image_position\":\"center-center\",\"media_overlay_gradient\":\"\",\"width_medium\":\"1-3\"},\"children\":[{\"type\":\"video\",\"props\":{\"video_controls\":true,\"margin\":\"default\",\"video\":\"https:\\\/\\\/www.youtube.com\\\/watch?v=xIYMMrVi7p4\",\"video_width\":\"450\"}}]},{\"type\":\"column\",\"props\":{\"position_sticky_breakpoint\":\"m\",\"image_position\":\"center-center\",\"media_overlay_gradient\":\"\",\"width_medium\":\"1-3\"},\"children\":[{\"type\":\"video\",\"props\":{\"video_controls\":true,\"margin\":\"default\",\"video\":\"https:\\\/\\\/www.youtube.com\\\/watch?v=-mzbS4p0-KY\",\"video_width\":\"450\"}}]}]},{\"type\":\"row\",\"props\":{\"layout\":\"1-3,1-3,1-3\"},\"children\":[{\"type\":\"column\",\"props\":{\"position_sticky_breakpoint\":\"m\",\"image_position\":\"center-center\",\"media_overlay_gradient\":\"\",\"width_medium\":\"1-3\"},\"children\":[{\"type\":\"video\",\"props\":{\"video_controls\":true,\"margin\":\"default\",\"video\":\"https:\\\/\\\/www.youtube.com\\\/watch?v=838RbgRrm6g\",\"video_width\":\"450\"}}]},{\"type\":\"column\",\"props\":{\"position_sticky_breakpoint\":\"m\",\"image_position\":\"center-center\",\"media_overlay_gradient\":\"\",\"width_medium\":\"1-3\"},\"children\":[{\"type\":\"video\",\"props\":{\"video_controls\":true,\"margin\":\"default\",\"video\":\"https:\\\/\\\/www.youtube.com\\\/watch?v=ORwLC8633s8\",\"video_width\":\"450\"}}]},{\"type\":\"column\",\"props\":{\"position_sticky_breakpoint\":\"m\",\"image_position\":\"center-center\",\"media_overlay_gradient\":\"\",\"width_medium\":\"1-3\"},\"children\":[{\"type\":\"video\",\"props\":{\"video_controls\":true,\"margin\":\"default\",\"video\":\"https:\\\/\\\/www.youtube.com\\\/watch?v=1mPVTxLCg6I\",\"video_width\":\"450\"}}]}]},{\"type\":\"row\",\"props\":{\"layout\":\"1-3,1-3,1-3\"},\"children\":[{\"type\":\"column\",\"props\":{\"position_sticky_breakpoint\":\"m\",\"image_position\":\"center-center\",\"media_overlay_gradient\":\"\",\"width_medium\":\"1-3\"},\"children\":[{\"type\":\"video\",\"props\":{\"video_controls\":true,\"margin\":\"default\",\"video\":\"https:\\\/\\\/www.youtube.com\\\/watch?v=GW3ETzl9uaU\",\"video_width\":\"450\"}}]},{\"type\":\"column\",\"props\":{\"position_sticky_breakpoint\":\"m\",\"image_position\":\"center-center\",\"media_overlay_gradient\":\"\",\"width_medium\":\"1-3\"},\"children\":[{\"type\":\"video\",\"props\":{\"video_controls\":true,\"margin\":\"default\",\"video\":\"https:\\\/\\\/www.youtube.com\\\/watch?v=UgjuGSfLAEg\",\"video_width\":\"450\"}}]},{\"type\":\"column\",\"props\":{\"position_sticky_breakpoint\":\"m\",\"image_position\":\"center-center\",\"media_overlay_gradient\":\"\",\"width_medium\":\"1-3\"},\"children\":[{\"type\":\"video\",\"props\":{\"video_controls\":true,\"margin\":\"default\",\"video\":\"https:\\\/\\\/www.youtube.com\\\/watch?v=nB5ba3aQ66g\",\"video_width\":\"450\"}}]}]}]}],\"version\":\"2.7.22\"} --><\/p>\n","protected":false},"excerpt":{"rendered":"<p>Ecossistema para o Empreendedorismo Rural \u2013 criar um mecanismo para o envolvimento ativo dos stakeholders relevantes e para o estabelecimento de sinergias entre \u00f3rg\u00e3os de..<\/p>\n","protected":false},"author":1,"featured_media":0,"parent":0,"menu_order":0,"comment_status":"closed","ping_status":"closed","template":"","meta":{"_acf_changed":false,"inline_featured_image":false,"footnotes":""},"class_list":["post-619","page","type-page","status-publish","hentry"],"acf":[],"_links":{"self":[{"href":"https:\/\/digirur.eu\/pt-pt\/wp-json\/wp\/v2\/pages\/619","targetHints":{"allow":["GET"]}}],"collection":[{"href":"https:\/\/digirur.eu\/pt-pt\/wp-json\/wp\/v2\/pages"}],"about":[{"href":"https:\/\/digirur.eu\/pt-pt\/wp-json\/wp\/v2\/types\/page"}],"author":[{"embeddable":true,"href":"https:\/\/digirur.eu\/pt-pt\/wp-json\/wp\/v2\/users\/1"}],"replies":[{"embeddable":true,"href":"https:\/\/digirur.eu\/pt-pt\/wp-json\/wp\/v2\/comments?post=619"}],"version-history":[{"count":6,"href":"https:\/\/digirur.eu\/pt-pt\/wp-json\/wp\/v2\/pages\/619\/revisions"}],"predecessor-version":[{"id":1315,"href":"https:\/\/digirur.eu\/pt-pt\/wp-json\/wp\/v2\/pages\/619\/revisions\/1315"}],"wp:attachment":[{"href":"https:\/\/digirur.eu\/pt-pt\/wp-json\/wp\/v2\/media?parent=619"}],"curies":[{"name":"wp","href":"https:\/\/api.w.org\/{rel}","templated":true}]}}