{"id":625,"date":"2022-02-24T14:11:37","date_gmt":"2022-02-24T14:11:37","guid":{"rendered":"https:\/\/digirur.eu\/elearning\/"},"modified":"2024-01-30T13:00:23","modified_gmt":"2024-01-30T13:00:23","slug":"elearning","status":"publish","type":"page","link":"https:\/\/digirur.eu\/pt-pt\/elearning\/","title":{"rendered":"eLearning"},"content":{"rendered":"<h1>eLearning<\/h1>\n<div>\n<p>        <img decoding=\"async\" src=\"\/wp-content\/uploads\/2022\/05\/Artboard-15.png\" alt=\"\"><\/p>\n<div>\n<div class=\"el-content uk-panel uk-margin-top\">\n<p>Uma plataforma educativa online, de acesso livre e gratuito, ser\u00e1 criada para apoiar o desenvolvimento das compet\u00eancias de empreendedorismo entre os jovens. Este espa\u00e7o ir\u00e1 tamb\u00e9m disponibilizar livremente recursos educativos e um conjunto de ferramentas e servi\u00e7os de mentoria.<\/p>\n<\/div>\n<\/div>\n<p><a href=\"https:\/\/elearning.digirur.eu\/\">Visite a Plataforma<\/a><\/p>\n<\/div>\n<p><!--more--><br \/>\n<!-- {\"type\":\"layout\",\"children\":[{\"type\":\"section\",\"props\":{\"style\":\"default\",\"width\":\"default\",\"vertical_align\":\"middle\",\"title_position\":\"top-left\",\"title_rotation\":\"left\",\"title_breakpoint\":\"xl\",\"image_position\":\"center-center\",\"padding_remove_top\":true},\"children\":[{\"type\":\"row\",\"children\":[{\"type\":\"column\",\"props\":{\"position_sticky_breakpoint\":\"m\",\"image_position\":\"center-center\",\"media_overlay_gradient\":\"\"},\"children\":[{\"type\":\"headline\",\"props\":{\"title_element\":\"h1\",\"content\":\"eLearning\",\"title_color\":\"success\"}},{\"type\":\"panel\",\"props\":{\"link_text\":\"Visite a Plataforma\",\"title_hover_style\":\"reset\",\"title_element\":\"h3\",\"title_align\":\"top\",\"title_grid_width\":\"1-2\",\"title_grid_breakpoint\":\"m\",\"meta_style\":\"meta\",\"meta_align\":\"below-title\",\"meta_element\":\"div\",\"content_column_breakpoint\":\"m\",\"icon_width\":80,\"image_align\":\"left\",\"image_grid_width\":\"1-3\",\"image_grid_breakpoint\":\"m\",\"image_svg_color\":\"emphasis\",\"link_style\":\"primary\",\"margin\":\"default\",\"title\":\"\",\"content\":\"\n\n<div class=\\\"el-content uk-panel uk-margin-top\\\">\\n\n\n<p>Uma plataforma educativa online, de acesso livre e gratuito, ser\\u00e1 criada para apoiar o desenvolvimento das compet\\u00eancias de empreendedorismo entre os jovens. Este espa\\u00e7o ir\\u00e1 tamb\\u00e9m disponibilizar livremente recursos educativos e um conjunto de ferramentas e servi\\u00e7os de mentoria.<\\\/p>\\n<\\\/div>\",\"image\":\"wp-content\\\/uploads\\\/2022\\\/05\\\/Artboard-15.png\",\"title_color\":\"success\",\"link\":\"https:\\\/\\\/elearning.digirur.eu\\\/\",\"link_target\":true},\"name\":\"left-image-panel\"}]}]}]}],\"version\":\"2.7.22\"} --><\/p>\n","protected":false},"excerpt":{"rendered":"<p>eLearning Uma plataforma educativa online, de acesso livre e gratuito, ser\u00e1 criada para apoiar o desenvolvimento das compet\u00eancias de empreendedorismo entre os jovens. Este espa\u00e7o..<\/p>\n","protected":false},"author":1,"featured_media":0,"parent":0,"menu_order":0,"comment_status":"closed","ping_status":"closed","template":"","meta":{"_acf_changed":false,"inline_featured_image":false,"footnotes":""},"class_list":["post-625","page","type-page","status-publish","hentry"],"acf":[],"_links":{"self":[{"href":"https:\/\/digirur.eu\/pt-pt\/wp-json\/wp\/v2\/pages\/625","targetHints":{"allow":["GET"]}}],"collection":[{"href":"https:\/\/digirur.eu\/pt-pt\/wp-json\/wp\/v2\/pages"}],"about":[{"href":"https:\/\/digirur.eu\/pt-pt\/wp-json\/wp\/v2\/types\/page"}],"author":[{"embeddable":true,"href":"https:\/\/digirur.eu\/pt-pt\/wp-json\/wp\/v2\/users\/1"}],"replies":[{"embeddable":true,"href":"https:\/\/digirur.eu\/pt-pt\/wp-json\/wp\/v2\/comments?post=625"}],"version-history":[{"count":5,"href":"https:\/\/digirur.eu\/pt-pt\/wp-json\/wp\/v2\/pages\/625\/revisions"}],"predecessor-version":[{"id":1099,"href":"https:\/\/digirur.eu\/pt-pt\/wp-json\/wp\/v2\/pages\/625\/revisions\/1099"}],"wp:attachment":[{"href":"https:\/\/digirur.eu\/pt-pt\/wp-json\/wp\/v2\/media?parent=625"}],"curies":[{"name":"wp","href":"https:\/\/api.w.org\/{rel}","templated":true}]}}